{"id":2283,"date":"2017-06-19T07:48:01","date_gmt":"2017-06-19T07:48:01","guid":{"rendered":"https:\/\/www.kundutour.com\/contact\/"},"modified":"2021-06-21T07:47:51","modified_gmt":"2021-06-21T07:47:51","slug":"iletisim","status":"publish","type":"page","link":"https:\/\/www.kundutour.com\/tr\/iletisim\/","title":{"rendered":"\u0130leti\u015fim"},"content":{"rendered":"[vc_row tz_row_type=&#8221;grid&#8221; full_width=&#8221;stretch_row_content_no_spaces&#8221; css=&#8221;.vc_custom_1497864425009{margin-bottom: 37px !important;}&#8221;][vc_column css=&#8221;.vc_custom_1497862753017{border-top-width: 1px !important;border-right-width: 1px !important;border-bottom-width: 1px !important;border-left-width: 1px !important;padding-top: 5px !important;padding-right: 5px !important;padding-bottom: 5px !important;padding-left: 5px !important;border-left-color: #ebebeb !important;border-left-style: dashed !important;border-right-color: #ebebeb !important;border-right-style: dashed !important;border-top-color: #ebebeb !important;border-top-style: dashed !important;border-bottom-color: #ebebeb !important;border-bottom-style: dashed !important;}&#8221;][vc_gmaps link=&#8221;#E-8_JTNDaWZyYW1lJTIwc3JjJTNEJTIyaHR0cHMlM0ElMkYlMkZ3d3cuZ29vZ2xlLmNvbSUyRm1hcHMlMkZlbWJlZCUzRnBiJTNEJTIxMW0xNCUyMTFtOCUyMTFtMyUyMTFkNjM4NC40OTgzNjEwNTE1NTglMjEyZDMwLjgzNTk0MiUyMTNkMzYuODYwNDU0JTIxM20yJTIxMWkxMDI0JTIxMmk3NjglMjE0ZjEzLjElMjEzbTMlMjExbTIlMjExczB4MTRjMzgyYzRkYTQ3YzI5YiUyNTNBMHhlOWMwODcyZTI5ZGY3ZjJiJTIxMnNFcm1lbmVrJTI1MkMlMkJMYXJhJTJCVHVyaXptJTJCWW9sdSUyNTJDJTJCTXVyYXRwYSUyNUM1JTI1OUZhJTI1MkZBbnRhbHlhJTI1MkMlMkJUJTI1QzMlMjVCQ3JraXllJTIxNWUwJTIxM20yJTIxMXN0ciUyMTJzdXMlMjE0djE1NjYzMDU2MzM2MzclMjE1bTIlMjExc3RyJTIxMnN1cyUyMiUyMHdpZHRoJTNEJTIyNjAwJTIyJTIwaGVpZ2h0JTNEJTIyNDUwJTIyJTIwZnJhbWVib3JkZXIlM0QlMjIwJTIyJTIwc3R5bGUlM0QlMjJib3JkZXIlM0EwJTIyJTIwYWxsb3dmdWxsc2NyZWVuJTNFJTNDJTJGaWZyYW1lJTNF&#8221;][\/vc_column][\/vc_row][vc_row tz_row_type=&#8221;grid&#8221;][vc_column width=&#8221;1\/4&#8243; css=&#8221;.vc_custom_1566205440454{border-top-width: 1px !important;border-right-width: 1px !important;border-bottom-width: 1px !important;border-left-width: 1px !important;padding-top: 25px !important;padding-right: 20px !important;padding-bottom: 25px !important;padding-left: 20px !important;background-color: #fac32b !important;border-left-color: #ffffff !important;border-left-style: dashed !important;border-right-color: #ffffff !important;border-right-style: dashed !important;border-top-color: #ffffff !important;border-top-style: dashed !important;border-bottom-color: #ffffff !important;border-bottom-style: dashed !important;}&#8221; el_class=&#8221;tz-contact-info&#8221;][vc_column_text css=&#8221;.vc_custom_1566305250526{padding-bottom: 15px !important;}&#8221;]\n<div><span style=\"color: #ffffff;\">\u00a0Lara Kundu Antalya <\/span><\/div>\n[\/vc_column_text][vc_column_text]\n<div><span style=\"color: #ffffff;\">+90 552 418 55 70 <\/span><\/div>\n[\/vc_column_text][vc_column_text css=&#8221;.vc_custom_1624261666984{padding-bottom: 15px !important;}&#8221;]\n<div><span style=\"color: #ffffff;\">\u00a0antalyakundutour@gmail.com <\/span><\/div>\n[\/vc_column_text][\/vc_column][vc_column width=&#8221;3\/4&#8243; css=&#8221;.vc_custom_1498728836645{padding-left: 30px !important;}&#8221; el_id=&#8221;tz-formAbout&#8221;][vc_column_text css=&#8221;.vc_custom_1566375870590{padding-bottom: 20px !important;}&#8221;]\n<h3><span style=\"font-size: 30px; font-weight: 800; color: #222222;\">\u0130LET\u0130\u015e\u0130M FORMU<br \/>\n<\/span><\/h3>\n[\/vc_column_text][vc_column_text css=&#8221;.vc_custom_1566395579115{padding-bottom: 20px !important;}&#8221;]Bizimle ileti\u015fime ge\u00e7in! B\u00fcy\u00fck bir gezi rezervasyonu heyecan verici, ama ayn\u0131 zamanda biraz ezici olabilir. Anl\u0131yoruz. Bu nedenle, seyahatinizi stressiz ve \u015fa\u015f\u0131rt\u0131c\u0131 k\u0131lmak i\u00e7in her t\u00fcrl\u00fc ihtiyac\u0131n\u0131za cevap vermek i\u00e7in burada seyahat uzmanlar\u0131na sahibiz.[\/vc_column_text]\n<div class=\"wpcf7 no-js\" id=\"wpcf7-f2487-o1\" lang=\"tr-TR\" dir=\"ltr\" data-wpcf7-id=\"2487\">\n<div class=\"screen-reader-response\"><p role=\"status\" aria-live=\"polite\" aria-atomic=\"true\"><\/p> <ul><\/ul><\/div>\n<form action=\"\/tr\/wp-json\/wp\/v2\/pages\/2283#wpcf7-f2487-o1\" method=\"post\" class=\"wpcf7-form init\" aria-label=\"\u0130leti\u015fim Formu\" novalidate=\"novalidate\" data-status=\"init\">\n<fieldset class=\"hidden-fields-container\"><input type=\"hidden\" name=\"_wpcf7\" value=\"2487\" \/><input type=\"hidden\" name=\"_wpcf7_version\" value=\"6.1.5\" \/><input type=\"hidden\" name=\"_wpcf7_locale\" value=\"tr_TR\" \/><input type=\"hidden\" name=\"_wpcf7_unit_tag\" value=\"wpcf7-f2487-o1\" \/><input type=\"hidden\" name=\"_wpcf7_container_post\" value=\"0\" \/><input type=\"hidden\" name=\"_wpcf7_posted_data_hash\" value=\"\" \/>\n<\/fieldset>\n<p><br \/>\n<span class=\"wpcf7-form-control-wrap\" data-name=\"your-name\"><input size=\"40\" maxlength=\"400\" class=\"wpcf7-form-control wpcf7-text wpcf7-validates-as-required\" aria-required=\"true\" aria-invalid=\"false\" placeholder=\"Ad\u0131n\u0131z\" value=\"\" type=\"text\" name=\"your-name\" \/><\/span>\n<\/p>\n<p><br \/>\n<span class=\"wpcf7-form-control-wrap\" data-name=\"your-email\"><input size=\"40\" maxlength=\"400\" class=\"wpcf7-form-control wpcf7-email wpcf7-validates-as-required wpcf7-text wpcf7-validates-as-email\" aria-required=\"true\" aria-invalid=\"false\" placeholder=\"E-posta\" value=\"\" type=\"email\" name=\"your-email\" \/><\/span>\n<\/p>\n<p><br \/>\n<span class=\"wpcf7-form-control-wrap\" data-name=\"your-subject\"><input size=\"40\" maxlength=\"400\" class=\"wpcf7-form-control wpcf7-text\" aria-invalid=\"false\" placeholder=\"Konu\" value=\"\" type=\"text\" name=\"your-subject\" \/><\/span>\n<\/p>\n<p><br \/>\n<span class=\"wpcf7-form-control-wrap\" data-name=\"your-message\"><textarea cols=\"40\" rows=\"10\" maxlength=\"2000\" class=\"wpcf7-form-control wpcf7-textarea\" aria-invalid=\"false\" placeholder=\"Mesaj\u0131n\u0131z...\" name=\"your-message\"><\/textarea><\/span>\n<\/p>\n<p><input class=\"wpcf7-form-control wpcf7-submit has-spinner\" type=\"submit\" value=\"G\u00f6nder\" \/>\n<\/p><div class=\"wpcf7-response-output\" aria-hidden=\"true\"><\/div>\n<\/form>\n<\/div>\n[\/vc_column][\/vc_row]\n","protected":false},"excerpt":{"rendered":"<p>[vc_row tz_row_type=&#8221;grid&#8221; full_width=&#8221;stretch_row_content_no_spaces&#8221; css=&#8221;.vc_custom_1497864425009{margin-bottom: 37px !important;}&#8221;][vc_column css=&#8221;.vc_custom_1497862753017{border-top-width: 1px !important;border-right-width: 1px !important;border-bottom-width: 1px !important;border-left-width: 1px !important;padding-top: 5px !important;padding-right: 5px !important;padding-bottom: 5px !important;padding-left: 5px !important;border-left-color: #ebebeb !important;border-left-style: dashed !important;border-right-color: #ebebeb !important;border-right-style: dashed !important;border-top-color: #ebebeb !important;border-top-style: dashed !important;border-bottom-color: #ebebeb !important;border-bottom-style: dashed !important;}&#8221;][vc_gmaps link=&#8221;#E-8_JTNDaWZyYW1lJTIwc3JjJTNEJTIyaHR0cHMlM0ElMkYlMkZ3d3cuZ29vZ2xlLmNvbSUyRm1hcHMlMkZlbWJlZCUzRnBiJTNEJTIxMW0xNCUyMTFtOCUyMTFtMyUyMTFkNjM4NC40OTgzNjEwNTE1NTglMjEyZDMwLjgzNTk0MiUyMTNkMzYuODYwNDU0JTIxM20yJTIxMWkxMDI0JTIxMmk3NjglMjE0ZjEzLjElMjEzbTMlMjExbTIlMjExczB4MTRjMzgyYzRkYTQ3YzI5YiUyNTNBMHhlOWMwODcyZTI5ZGY3ZjJiJTIxMnNFcm1lbmVrJTI1MkMlMkJMYXJhJTJCVHVyaXptJTJCWW9sdSUyNTJDJTJCTXVyYXRwYSUyNUM1JTI1OUZhJTI1MkZBbnRhbHlhJTI1MkMlMkJUJTI1QzMlMjVCQ3JraXllJTIxNWUwJTIxM20yJTIxMXN0ciUyMTJzdXMlMjE0djE1NjYzMDU2MzM2MzclMjE1bTIlMjExc3RyJTIxMnN1cyUyMiUyMHdpZHRoJTNEJTIyNjAwJTIyJTIwaGVpZ2h0JTNEJTIyNDUwJTIyJTIwZnJhbWVib3JkZXIlM0QlMjIwJTIyJTIwc3R5bGUlM0QlMjJib3JkZXIlM0EwJTIyJTIwYWxsb3dmdWxsc2NyZWVuJTNFJTNDJTJGaWZyYW1lJTNF&#8221;][\/vc_column][\/vc_row][vc_row tz_row_type=&#8221;grid&#8221;][vc_column width=&#8221;1\/4&#8243; css=&#8221;.vc_custom_1566205440454{border-top-width: 1px !important;border-right-width: 1px !important;border-bottom-width: 1px !important;border-left-width: 1px !important;padding-top: 25px !important;padding-right: 20px !important;padding-bottom: [&hellip;]<\/p>\n","protected":false},"author":1,"featured_media":0,"parent":0,"menu_order":0,"comment_status":"closed","ping_status":"closed","template":"","meta":{"footnotes":""},"class_list":["post-2283","page","type-page","status-publish","hentry"],"_links":{"self":[{"href":"https:\/\/www.kundutour.com\/tr\/wp-json\/wp\/v2\/pages\/2283","targetHints":{"allow":["GET"]}}],"collection":[{"href":"https:\/\/www.kundutour.com\/tr\/wp-json\/wp\/v2\/pages"}],"about":[{"href":"https:\/\/www.kundutour.com\/tr\/wp-json\/wp\/v2\/types\/page"}],"author":[{"embeddable":true,"href":"https:\/\/www.kundutour.com\/tr\/wp-json\/wp\/v2\/users\/1"}],"replies":[{"embeddable":true,"href":"https:\/\/www.kundutour.com\/tr\/wp-json\/wp\/v2\/comments?post=2283"}],"version-history":[{"count":6,"href":"https:\/\/www.kundutour.com\/tr\/wp-json\/wp\/v2\/pages\/2283\/revisions"}],"predecessor-version":[{"id":4747,"href":"https:\/\/www.kundutour.com\/tr\/wp-json\/wp\/v2\/pages\/2283\/revisions\/4747"}],"wp:attachment":[{"href":"https:\/\/www.kundutour.com\/tr\/wp-json\/wp\/v2\/media?parent=2283"}],"curies":[{"name":"wp","href":"https:\/\/api.w.org\/{rel}","templated":true}]}}