{"id":2285,"date":"2017-06-09T03:35:01","date_gmt":"2017-06-09T03:35:01","guid":{"rendered":"https:\/\/www.kundutour.com\/corporate\/"},"modified":"2019-08-21T08:13:56","modified_gmt":"2019-08-21T08:13:56","slug":"kurumsal","status":"publish","type":"page","link":"https:\/\/www.kundutour.com\/tr\/kurumsal\/","title":{"rendered":"Kurumsal"},"content":{"rendered":"[vc_row tz_row_type=&#8221;grid&#8221; css=&#8221;.vc_custom_1497004699496{padding-bottom: 51px !important;background-color: #fafafa !important;}&#8221;][vc_column css=&#8221;.vc_custom_1496996563122{padding-right: 0px !important;padding-left: 0px !important;}&#8221;][vc_row_inner css=&#8221;.vc_custom_1496997267138{margin-top: 52px !important;}&#8221;][vc_column_inner el_class=&#8221;tz-title-about&#8221;][vc_column_text]\n<h2 style=\"text-align: center;\">Kundu Tur<\/h2>\n<p style=\"text-align: center;\">Ola\u011fan gezileri s\u0131ra d\u0131\u015f\u0131 seyahatlere d\u00f6n\u00fc\u015ft\u00fcrmek i\u00e7in bir yolculu\u011fa \u00e7\u0131kt\u0131k.<\/p>\n[\/vc_column_text][\/vc_column_inner][\/vc_row_inner][vc_row_inner css=&#8221;.vc_custom_1497002811554{margin-top: 39px !important;}&#8221;][vc_column_inner el_class=&#8221;tz-about-container&#8221; width=&#8221;1\/2&#8243;][vc_single_image image=&#8221;1821&#8243; img_size=&#8221;large&#8221; el_class=&#8221;tz-border-1&#8243;][\/vc_column_inner][vc_column_inner el_class=&#8221;tz-about-container&#8221; width=&#8221;1\/2&#8243; css=&#8221;.vc_custom_1498465945397{padding-top: 6px !important;}&#8221;][vc_column_text]\n<h3 style=\"text-align: left;\">Kundu Tur<\/h3>\n<p>Size ki\u015fisel deneyimler getiriyoruz. Seyahatleriniz sizi nereye g\u00f6t\u00fcr\u00fcrse g\u00f6t\u00fcrs\u00fcn nereye gidece\u011finiz konusunda yapabilece\u011finiz e\u015fsiz ve ka\u00e7\u0131r\u0131lmayacak \u015feyleri g\u00f6sterece\u011fiz.<\/p>\n<p>Kundu Tur yan\u0131n\u0131zdayken, unutulmaz anlar yaratmak hi\u00e7 bu kadar kolay olmam\u0131\u015ft\u0131.Bug\u00fcn milyonlarca ki\u015fi seyahat hayallerini ger\u00e7e\u011fe d\u00f6n\u00fc\u015ft\u00fcrmek i\u00e7in Kundu Tur\u2019u kulland\u0131. Ve daha yeni ba\u015fl\u0131yoruz. \u0130nsanlar\u0131n ziyaret ettikleri yerlere ba\u011flanma \u015feklini de\u011fi\u015ftiriyoruz, b\u00f6ylece herkes hayalindeki tatilini yaratabilir.[\/vc_column_text][\/vc_column_inner][\/vc_row_inner][\/vc_column][\/vc_row][vc_row tz_row_type=&#8221;grid&#8221;][vc_column css=&#8221;.vc_custom_1497068347138{margin-top: 53px !important;margin-bottom: 75px !important;}&#8221;][vc_row_inner][vc_column_inner el_class=&#8221;tz-title-about&#8221; css=&#8221;.vc_custom_1498464399170{margin-bottom: 48px !important;padding-right: 0px !important;padding-left: 0px !important;}&#8221;][vc_column_text]\n<h2 style=\"text-align: center;\">\u0130\u015f Ortaklar\u0131m\u0131z<\/h2>\n[\/vc_column_text][\/vc_column_inner][\/vc_row_inner][vc_row_inner][vc_column_inner el_class=&#8221;tz-about-item&#8221; width=&#8221;1\/4&#8243;][vc_single_image image=&#8221;1291&#8243; img_size=&#8221;full&#8221; css=&#8221;.vc_custom_1499830051433{border-top-width: 1px !important;border-right-width: 1px !important;border-bottom-width: 1px !important;border-left-width: 1px !important;padding-top: 26px !important;padding-right: 40px !important;padding-bottom: 29px !important;padding-left: 40px !important;border-left-color: #ebebeb !important;border-left-style: solid !important;border-right-color: #ebebeb !important;border-right-style: solid !important;border-top-color: #ebebeb !important;border-top-style: solid !important;border-bottom-color: #ebebeb !important;border-bottom-style: solid !important;}&#8221;][\/vc_column_inner][vc_column_inner el_class=&#8221;tz-about-item&#8221; width=&#8221;1\/4&#8243;][vc_single_image image=&#8221;1291&#8243; img_size=&#8221;full&#8221; css=&#8221;.vc_custom_1499830062932{border-top-width: 1px !important;border-right-width: 1px !important;border-bottom-width: 1px !important;border-left-width: 1px !important;padding-top: 26px !important;padding-right: 40px !important;padding-bottom: 21px !important;padding-left: 40px !important;border-left-color: #ebebeb !important;border-left-style: solid !important;border-right-color: #ebebeb !important;border-right-style: solid !important;border-top-color: #ebebeb !important;border-top-style: solid !important;border-bottom-color: #ebebeb !important;border-bottom-style: solid !important;}&#8221;][\/vc_column_inner][vc_column_inner el_class=&#8221;tz-about-item&#8221; width=&#8221;1\/4&#8243;][vc_single_image image=&#8221;1291&#8243; img_size=&#8221;full&#8221; css=&#8221;.vc_custom_1499830075552{border-top-width: 1px !important;border-right-width: 1px !important;border-bottom-width: 1px !important;border-left-width: 1px !important;padding-top: 26px !important;padding-right: 40px !important;padding-bottom: 30px !important;padding-left: 40px !important;border-left-color: #ebebeb !important;border-left-style: solid !important;border-right-color: #ebebeb !important;border-right-style: solid !important;border-top-color: #ebebeb !important;border-top-style: solid !important;border-bottom-color: #ebebeb !important;border-bottom-style: solid !important;}&#8221;][\/vc_column_inner][vc_column_inner el_class=&#8221;tz-about-item&#8221; width=&#8221;1\/4&#8243;][vc_single_image image=&#8221;1291&#8243; img_size=&#8221;full&#8221; css=&#8221;.vc_custom_1499830090163{border-top-width: 1px !important;border-right-width: 1px !important;border-bottom-width: 1px !important;border-left-width: 1px !important;padding-top: 26px !important;padding-right: 40px !important;padding-bottom: 19px !important;padding-left: 40px !important;border-left-color: #ebebeb !important;border-left-style: solid !important;border-right-color: #ebebeb !important;border-right-style: solid !important;border-top-color: #ebebeb !important;border-top-style: solid !important;border-bottom-color: #ebebeb !important;border-bottom-style: solid !important;}&#8221;][\/vc_column_inner][\/vc_row_inner][\/vc_column][\/vc_row]\n","protected":false},"excerpt":{"rendered":"<p>[vc_row tz_row_type=&#8221;grid&#8221; css=&#8221;.vc_custom_1497004699496{padding-bottom: 51px !important;background-color: #fafafa !important;}&#8221;][vc_column css=&#8221;.vc_custom_1496996563122{padding-right: 0px !important;padding-left: 0px !important;}&#8221;][vc_row_inner css=&#8221;.vc_custom_1496997267138{margin-top: 52px !important;}&#8221;][vc_column_inner el_class=&#8221;tz-title-about&#8221;][vc_column_text] Kundu Tur Ola\u011fan gezileri s\u0131ra d\u0131\u015f\u0131 seyahatlere d\u00f6n\u00fc\u015ft\u00fcrmek i\u00e7in bir yolculu\u011fa \u00e7\u0131kt\u0131k. [\/vc_column_text][\/vc_column_inner][\/vc_row_inner][vc_row_inner css=&#8221;.vc_custom_1497002811554{margin-top: 39px !important;}&#8221;][vc_column_inner el_class=&#8221;tz-about-container&#8221; width=&#8221;1\/2&#8243;][vc_single_image image=&#8221;1821&#8243; img_size=&#8221;large&#8221; el_class=&#8221;tz-border-1&#8243;][\/vc_column_inner][vc_column_inner el_class=&#8221;tz-about-container&#8221; width=&#8221;1\/2&#8243; css=&#8221;.vc_custom_1498465945397{padding-top: 6px !important;}&#8221;][vc_column_text] Kundu Tur Size ki\u015fisel deneyimler getiriyoruz. Seyahatleriniz sizi nereye g\u00f6t\u00fcr\u00fcrse g\u00f6t\u00fcrs\u00fcn nereye gidece\u011finiz [&hellip;]<\/p>\n","protected":false},"author":1,"featured_media":0,"parent":0,"menu_order":0,"comment_status":"closed","ping_status":"closed","template":"","meta":{"footnotes":""},"class_list":["post-2285","page","type-page","status-publish","hentry"],"_links":{"self":[{"href":"https:\/\/www.kundutour.com\/tr\/wp-json\/wp\/v2\/pages\/2285","targetHints":{"allow":["GET"]}}],"collection":[{"href":"https:\/\/www.kundutour.com\/tr\/wp-json\/wp\/v2\/pages"}],"about":[{"href":"https:\/\/www.kundutour.com\/tr\/wp-json\/wp\/v2\/types\/page"}],"author":[{"embeddable":true,"href":"https:\/\/www.kundutour.com\/tr\/wp-json\/wp\/v2\/users\/1"}],"replies":[{"embeddable":true,"href":"https:\/\/www.kundutour.com\/tr\/wp-json\/wp\/v2\/comments?post=2285"}],"version-history":[{"count":5,"href":"https:\/\/www.kundutour.com\/tr\/wp-json\/wp\/v2\/pages\/2285\/revisions"}],"predecessor-version":[{"id":2447,"href":"https:\/\/www.kundutour.com\/tr\/wp-json\/wp\/v2\/pages\/2285\/revisions\/2447"}],"wp:attachment":[{"href":"https:\/\/www.kundutour.com\/tr\/wp-json\/wp\/v2\/media?parent=2285"}],"curies":[{"name":"wp","href":"https:\/\/api.w.org\/{rel}","templated":true}]}}