{"id":2289,"date":"2017-04-26T07:16:01","date_gmt":"2017-04-26T07:16:01","guid":{"rendered":"https:\/\/www.kundutour.com\/home\/"},"modified":"2021-06-21T08:04:06","modified_gmt":"2021-06-21T08:04:06","slug":"anasayfa","status":"publish","type":"page","link":"https:\/\/www.kundutour.com\/tr\/","title":{"rendered":"Anasayfa"},"content":{"rendered":"[vc_row tz_row_type=&#8221;grid&#8221; full_width=&#8221;stretch_row_content_no_spaces&#8221;][vc_column][rev_slider_vc alias=&#8221;slider-home-4&#8243;][\/vc_column][\/vc_row][vc_row tz_row_type=&#8221;grid&#8221; css=&#8221;.vc_custom_1566303717137{padding-top: 15px !important;padding-bottom: 21px !important;background-color: #2a2a2a !important;}&#8221;][vc_column]    <div class=\"tzElement_Search type-1\">\r\n        \r\n            <form class=\"tzElement_search_form\" method=\"get\" action=\"https:\/\/www.kundutour.com\/tr\/\">\r\n                <div class=\"tzElement_search_field\">\r\n                    <input type=\"hidden\" name=\"post_type\" value=\"tour\">\r\n                                            <div class=\"form-group form-name\">\r\n                            <label>\r\n                                Destinasyonunuz:                            <\/label>\r\n                            <div class=\"field-box\">\r\n                                <input type=\"text\" class=\"form-control\" name=\"s\"\r\n                                       placeholder=\"Buraya bir anahtar kelime girin\">\r\n                            <\/div>\r\n                        <\/div>\r\n                        \r\n                                            <div class=\"form-group form-destination\">\r\n                            <label>\r\n                                Lokasyonunuz:                            <\/label>\r\n\r\n                            <div class=\"field-box\">\r\n                                <select name=\"tour_destination[]\">\r\n                                    <option value=\"\">Hepsi<\/option>\r\n                                                                    <\/select>\r\n                            <\/div>\r\n                        <\/div>\r\n                        \r\n                                            <div class=\"form-group form-date\">\r\n                            <label>\r\n                                Hareket Tarihi:                            <\/label>\r\n\r\n                            <div class=\"field-box\">\r\n                                <input class=\"date-pick form-control\"\r\n                                       data-locale=\"tr_TR\"\r\n                                       data-day-start-week=\"1\"\r\n                                       placeholder=\"Hepsi\"\r\n                                       data-date-format=\"mm\/dd\/yyyy\" type=\"text\" name=\"date\">\r\n                            <\/div>\r\n\r\n                        <\/div>\r\n                        \r\n                                            <div class=\"form-group form-duration\">\r\n                            <label>\r\n                                G\u00fcn:                            <\/label>\r\n                            <div class=\"field-box\">\r\n                                <select name=\"tour_length\">\r\n                                    <option value=\"\">Hepsi<\/option>\r\n                                    <option value=\"1\">1 G\u00fcn<\/option>\r\n                                    <option value=\"2\">2 G\u00fcn<\/option>\r\n                                    <option value=\"3\">3 G\u00fcn<\/option>\r\n                                    <option value=\"4\">4 G\u00fcn<\/option>\r\n                                    <option value=\"5\">5 G\u00fcn<\/option>\r\n                                    <option value=\"6\">6 G\u00fcn<\/option>\r\n                                    <option value=\"7\">7 G\u00fcn<\/option>\r\n                                    <option value=\"8\">8 G\u00fcn<\/option>\r\n                                    <option value=\"9\">9 G\u00fcn<\/option>\r\n                                    <option value=\"10\">10 G\u00fcn<\/option>\r\n                                    <option value=\"11\">11 G\u00fcn<\/option>\r\n                                    <option value=\"12\">12 G\u00fcn<\/option>\r\n                                    <option value=\"13\">13 G\u00fcn<\/option>\r\n                                    <option value=\"14\">14 G\u00fcn<\/option>\r\n                                    <option value=\"15\">15 G\u00fcn<\/option>\r\n                                <\/select>\r\n                            <\/div>\r\n\r\n                        <\/div>\r\n                        \r\n                    \r\n                                    <\/div>\r\n\r\n                <div class=\"tzElement_search_submit\">\r\n                    <button type=\"submit\" class=\"btn btn-default tz-search-btn\">\r\n                        ARA                    <\/button>\r\n                <\/div>\r\n            <\/form>\r\n\r\n                        <script type=\"text\/javascript\">\r\n            jQuery(document).ready(function () {\r\n                \"use strict\";\r\n\r\n                \/\/var lang = '\/\/';\r\n\r\n                if (jQuery('input.date-pick').length) {\r\n\r\n                    var lang = jQuery('input.date-pick').data('locale');\r\n                    lang = lang.replace('_', '-');\r\n                    var day_start_week = jQuery('input.date-pick').data('day-start-week');\r\n\r\n                    jQuery('input.date-pick').datepicker({\r\n                        startDate: \"today\",\r\n                        language: lang,\r\n                        autoclose: true,\r\n                        weekStart: day_start_week,\r\n                        disableTouchKeyboard: true\r\n                    });\r\n                }\r\n            });\r\n        <\/script>\r\n    <\/div>\r\n    [\/vc_column][\/vc_row][vc_row full_width=&#8221;stretch_row_content_no_spaces&#8221; parallax=&#8221;content-moving&#8221; parallax_image=&#8221;1276&#8243; css=&#8221;.vc_custom_1566303669362{background-color: rgba(255,255,255,0.5) !important;*background-color: rgb(255,255,255) !important;}&#8221;][vc_column offset=&#8221;vc_col-md-12&#8243;]    <div class=\"tzElement_Destination type-2   \">\r\n                    <div id=\"destination-slider-70508649\" class=\"destination-slider owl-carousel\">\r\n                \r\n                                            <\/div>\r\n                                    <script type=\"text\/javascript\">\r\n                    jQuery(window).load(function(){\r\n                        \"use strict\";\r\n\r\n                        jQuery('#destination-slider-70508649').each(function () {\r\n                            jQuery(this).owlCarousel({\r\n                                rtl: false,\r\n                                nav: true,\r\n                                autoplay: true,\r\n                                autoplayTimeout: 3000,\r\n                                loop: true,\r\n                                navText: [\"<i class=\\\"fa fa-chevron-left\\\" aria-hidden=\\\"true\\\"><\/i>\", \"<i class=\\\"fa fa-chevron-right\\\" aria-hidden=\\\"true\\\"><\/i>\"],\r\n                                center: false,\r\n                                responsive: {\r\n                                    0: {\r\n                                        items: 1                                    },\r\n                                    600: {\r\n                                        items: 2                                    },\r\n                                    992: {\r\n                                        items: 2                                    },\r\n                                    1200: {\r\n                                        items: 4                                    },\r\n                                    1500: {\r\n                                        items: 4                                    }\r\n                                },\r\n                                margin: 0                            })\r\n                        })\r\n                    });\r\n                <\/script>\r\n                <\/div>\r\n    [\/vc_column][\/vc_row][vc_row tz_row_type=&#8221;grid&#8221; style_width=&#8221;boxed&#8221;][vc_column width=&#8221;1\/4&#8243;]    <div class=\"tzElement_Services  \">\r\n        <div class=\"icon\">\r\n                            <img decoding=\"async\" src=\"https:\/\/www.kundutour.com\/wp-content\/uploads\/2019\/08\/luggage.png\" alt=\"image-services\">\r\n                    <\/div>\r\n\r\n                    <span class=\"title\">\r\n                En alternatif turlar\u0131 sunuyoruz            <\/span>\r\n                            <p class=\"descriptions\">\r\n                440\u2019dan fazla tatil destinasyonuna 2 ila 14 gece alternatifiyle, en g\u00f6zde tatil destinasyonlardan en \u00fccra k\u00f6\u015fedeki destinasyonlara kadar, T\u00fcrkiye\u2019nin en geni\u015f tur alternatifini sunan turizm \u015firketiyiz.            <\/p>\r\n            <\/div>\r\n\r\n    [\/vc_column][vc_column width=&#8221;1\/4&#8243;]    <div class=\"tzElement_Services  \">\r\n        <div class=\"icon\">\r\n                            <img decoding=\"async\" src=\"https:\/\/www.kundutour.com\/wp-content\/uploads\/2019\/08\/customer-review.png\" alt=\"image-services\">\r\n                    <\/div>\r\n\r\n                    <span class=\"title\">\r\n                Memnuniyetiniz i\u00e7in \u00e7al\u0131\u015f\u0131yoruz            <\/span>\r\n                            <p class=\"descriptions\">\r\n                2000'den beri, 19 y\u0131ll\u0131k deneyim, m\u00fc\u015fteri memnuniyeti ve g\u00fcven ile ba\u015far\u0131ya giden ko\u015fulsuz bir ad\u0131md\u0131r.            <\/p>\r\n            <\/div>\r\n\r\n    [\/vc_column][vc_column width=&#8221;1\/4&#8243;]    <div class=\"tzElement_Services  \">\r\n        <div class=\"icon\">\r\n                            <img decoding=\"async\" src=\"https:\/\/www.kundutour.com\/wp-content\/uploads\/2019\/08\/ssl.png\" alt=\"image-services\">\r\n                    <\/div>\r\n\r\n                    <span class=\"title\">\r\n                G\u00fcveninizi \u00f6nemsiyoruz            <\/span>\r\n                            <p class=\"descriptions\">\r\n                Tercihlerinizi hayallerinize g\u00f6re belirlememize ve do\u011fru se\u00e7imi yapmam\u0131za yard\u0131mc\u0131 olacak bir seyahat dan\u0131\u015fman\u0131 olarak.            <\/p>\r\n            <\/div>\r\n\r\n    [\/vc_column][vc_column width=&#8221;1\/4&#8243; el_id=&#8221;services-item&#8221;]    <div class=\"tzElement_Services  \">\r\n        <div class=\"icon\">\r\n                            <img decoding=\"async\" src=\"https:\/\/www.kundutour.com\/wp-content\/uploads\/2019\/08\/innovation.png\" alt=\"image-services\">\r\n                    <\/div>\r\n\r\n                    <span class=\"title\">\r\n                Teknolojide \u00f6nc\u00fcy\u00fcz            <\/span>\r\n                            <p class=\"descriptions\">\r\n                T\u00fcrkiye\u2019de teknolojik yat\u0131r\u0131mlar\u0131m\u0131zla ve inovasyonlar\u0131m\u0131zla turizm sekt\u00f6r\u00fcn\u00fcn \u00f6nc\u00fcs\u00fcy\u00fcz. 2 ila 14 gece alternatifiyle 1750\u2019nin \u00fczerinde her g\u00fcn kesin hareketli turlar\u0131m\u0131zda, havayolu ve otellerle do\u011frudan sistem entegrasyonumuz sayesinde istedi\u011finiz oteli ve istedi\u011finiz havayolu \u015firketini se\u00e7erek hangi hizmeti alaca\u011f\u0131n\u0131za siz karar verebilirsiniz.            <\/p>\r\n            <\/div>\r\n\r\n    [\/vc_column][\/vc_row][vc_row tz_row_type=&#8221;grid&#8221; full_width=&#8221;stretch_row_content_no_spaces&#8221; style_width=&#8221;boxed&#8221; css=&#8221;.vc_custom_1566288906153{background-color: #fac32b !important;}&#8221;][vc_column width=&#8221;1\/4&#8243;]    <div class=\"tzElement_Counter  \">\r\n            <div class=\"tzElement_counterIcon\">\r\n                                    <img decoding=\"async\" src=\"https:\/\/www.kundutour.com\/wp-content\/uploads\/2019\/08\/counter-1.png\" alt=\"image-services\">\r\n                            <\/div>\r\n\r\n            <div class=\"tzElement_count\"><p class=\"stat-count\" >235679<\/p><\/div>\r\n            <p style =\"color:#ffffff;\">Memnun M\u00fc\u015fteriler<\/p>\r\n    <\/div>\r\n    [\/vc_column][vc_column width=&#8221;1\/4&#8243;]    <div class=\"tzElement_Counter  \">\r\n            <div class=\"tzElement_counterIcon\">\r\n                                    <img decoding=\"async\" src=\"https:\/\/www.kundutour.com\/wp-content\/uploads\/2019\/08\/counter-2.png\" alt=\"image-services\">\r\n                            <\/div>\r\n\r\n            <div class=\"tzElement_count\"><p class=\"stat-count\" >152<\/p><\/div>\r\n            <p >Anla\u015fmal\u0131 Otel<\/p>\r\n    <\/div>\r\n    [\/vc_column][vc_column width=&#8221;1\/4&#8243;]    <div class=\"tzElement_Counter  \">\r\n            <div class=\"tzElement_counterIcon\">\r\n                                    <img decoding=\"async\" src=\"https:\/\/www.kundutour.com\/wp-content\/uploads\/2019\/08\/counter-3.png\" alt=\"image-services\">\r\n                            <\/div>\r\n\r\n            <div class=\"tzElement_count\"><p class=\"stat-count\" >35279<\/p><\/div>\r\n            <p >Tur<\/p>\r\n    <\/div>\r\n    [\/vc_column][vc_column width=&#8221;1\/4&#8243;]    <div class=\"tzElement_Counter  \">\r\n            <div class=\"tzElement_counterIcon\">\r\n                                    <img decoding=\"async\" src=\"https:\/\/www.kundutour.com\/wp-content\/uploads\/2019\/08\/counter-4.png\" alt=\"image-services\">\r\n                            <\/div>\r\n\r\n            <div class=\"tzElement_count\"><p class=\"stat-count\" >580<\/p><\/div>\r\n            <p >Alternatif \u015eehir<\/p>\r\n    <\/div>\r\n    [\/vc_column][\/vc_row][vc_row tz_row_type=&#8221;grid&#8221; full_width=&#8221;stretch_row_content_no_spaces&#8221; style_width=&#8221;boxed&#8221; css=&#8221;.vc_custom_1496807427993{margin-bottom: 49px !important;padding-left: 0px !important;}&#8221;][vc_column css=&#8221;.vc_custom_1498639130843{margin-top: 72px !important;padding-right: 15px !important;}&#8221; offset=&#8221;vc_col-lg-9 vc_col-md-9 vc_col-sm-offset-0 vc_col-xs-12&#8243; el_class=&#8221;tz-rightElement&#8221;]    <div class=\"tzElement_FeaturedTour   type-1\">\r\n\r\n                    <div class=\"tzTour-top\">\r\n\r\n                \r\n                                    <h2 class=\"tour-title\">\u00d6ne \u00c7\u0131kan Turlar<\/h2>\r\n                \r\n                \r\n                            <\/div>\r\n                <div                 class=\"tzTour \">\r\n                    <\/div>\r\n                    <div class=\"tzTour-bottom\">\r\n                            <\/div>\r\n                <!--        <div class=\"tz-form-booking-ajax-content\"><\/div>-->\r\n        <!--        <div class=\"tz-reviews-ajax-content\"><\/div>-->\r\n\r\n        <script type=\"text\/javascript\">\r\n            jQuery(document).ready(function () {\r\n                \"use strict\";\r\n                jQuery('#tzTour-slider-267180230').each(function () {\r\n                    jQuery(this).owlCarousel({\r\n                        rtl: false,\r\n                        nav: true,\r\n                        navText: [\"\", \"\"],\r\n                        autoplay: true,\r\n                        autoplayTimeout: 3000,\r\n                        loop: true,\r\n                        smartSpeed: 700,\r\n                        responsive: {\r\n                            0: {\r\n                                items: 1                            },\r\n                            600: {\r\n                                items: 2                            },\r\n                            992: {\r\n                                items: 2                            },\r\n                            1200: {\r\n                                items: 4                            },\r\n                            1500: {\r\n                                items: 4                            }\r\n                        },\r\n                        margin: 0\r\n                    })\r\n                })\r\n            });\r\n        <\/script>\r\n    <\/div>\r\n\r\n    [\/vc_column][vc_column css=&#8221;.vc_custom_1498103032893{margin-top: 80px !important;padding-left: 15px !important;}&#8221; offset=&#8221;vc_col-lg-3 vc_col-md-3 vc_col-xs-12&#8243; el_class=&#8221;tz-leftElement&#8221;]    <div class=\"tzElement_Hotline  \"  style=\"background-image: url()\" >\r\n        <div class=\"tzHotlineOverlay\">\r\n                            <span class=\"title\">\r\n                M\u00fc\u015fteri Hizmetleri            <\/span>\r\n                                        <p class=\"descriptions\">\r\n                    Teredd\u00fct etmeyin bizi aray\u0131n. Size yard\u0131mc\u0131 olmak i\u00e7in buraday\u0131z.                <\/p>\r\n                                        <p class=\"phone\">\r\n                    <i class=\"fa fa-headphones\"><\/i>\r\n                    +90 552 418 55 70                <\/p>\r\n                                        <p class=\"email\">\r\n                    <i class=\"fa fa-envelope\"><\/i>\r\n                    antalyakundutour@gmail.com                <\/p>\r\n                    <\/div>\r\n    <\/div>\r\n\r\n    [vc_row_inner][vc_column_inner]    <div class=\"tzElement_LatestTour   type-1\">\r\n            <div class=\"tzLatest-top\">\r\n                                                    <h2 class=\"latest-title\">Son Turlar<\/h2>\r\n                                                            <\/div>\r\n                                           <script type=\"text\/javascript\">\r\n            jQuery(document).ready(function(){\r\n                \"use strict\";\r\n\r\n                jQuery( '.latest-slider').each(function(){\r\n                    jQuery(this).owlCarousel({\r\n                        rtl: false,\r\n                        nav:true,\r\n                        navText : [\"\",\"\"],\r\n                        slideSpeed : 1000,\r\n                        autoplay: true,\r\n                        autoplayTimeout: 3000,\r\n                        loop: true,\r\n                        paginationSpeed : 1000,\r\n                        responsive:{\r\n                            0:{\r\n                                items: 1                            },\r\n                            600:{\r\n                                items: 2                            },\r\n                            992:{\r\n                                items: 2                            },\r\n                            1200:{\r\n                                items: 3                            },\r\n                            1500:{\r\n                                items: 5                            }\r\n                        },\r\n                        margin: 0                    })\r\n                })\r\n            });\r\n        <\/script>\r\n    <\/div>\r\n\r\n    [\/vc_column_inner][\/vc_row_inner][\/vc_column][\/vc_row][vc_row full_width=&#8221;stretch_row_content_no_spaces&#8221;][vc_column][banner_slider auto_play=&#8221;true&#8221; loop=&#8221;true&#8221; tz_bg_banner=&#8221;2200&#8243;][banner_slider_item tz_type=&#8221;1&#8243; tz_button=&#8221;TURU \u0130NCELE&#8221; tz_link=&#8221;https:\/\/www.kundutour.com\/tr\/tour\/antalyadan-olympos-teleferigi\/&#8221; tz_image=&#8221;359&#8243; tz_tour_post=&#8221;1051&#8243;][banner_slider_item tz_type=&#8221;1&#8243; tz_button=&#8221;TURU \u0130NCELE&#8221; tz_link=&#8221;https:\/\/www.kundutour.com\/tr\/tour\/antalyadan-olympos-teleferigi\/&#8221; tz_image=&#8221;359&#8243; tz_tour_post=&#8221;258&#8243;][banner_slider_item tz_type=&#8221;1&#8243; tz_button=&#8221;TURU \u0130NCELE&#8221; tz_link=&#8221;https:\/\/www.kundutour.com\/tr\/tour\/antalyadan-jeep-safari\/&#8221; tz_image=&#8221;359&#8243; tz_tour_post=&#8221;1049&#8243;][\/banner_slider][\/vc_column][\/vc_row][vc_row tz_row_type=&#8221;grid&#8221; full_width=&#8221;stretch_row_content_no_spaces&#8221; disable_element=&#8221;yes&#8221; css=&#8221;.vc_custom_1566288027728{margin-top: 35px !important;margin-bottom: 20px !important;}&#8221;][vc_column]<div class=\"tzElement_Articles type-1\">\r\n            <div class=\"Articles-top\">\r\n                            <h2 class=\"Articles-Title\">\u041f\u0443\u0442\u0435\u0448\u0435\u0441\u0442\u0432\u0438\u044f \u041d\u043e\u0432\u043e\u0441\u0442\u0438 \u0418 \u0421\u043e\u0432\u0435\u0442\u044b<\/h2>\r\n                                <\/div>\r\n\r\n        <div class=\"row\">\r\n                    <\/div>\r\n        <\/div>\r\n            [\/vc_column][\/vc_row][vc_row full_width=&#8221;stretch_row_content_no_spaces&#8221; disable_element=&#8221;yes&#8221;][vc_column]    <div class=\"tzElement_Testimonials  \">\r\n        <div class=\"tzTestimonialSlider owl-carousel\">\r\n                    <\/div>\r\n        <script type=\"text\/javascript\">\r\n            jQuery(document).ready(function(){\r\n                \"use strict\";\r\n\r\n                jQuery( '.tzTestimonialSlider').each(function(){\r\n                    jQuery(this).owlCarousel({\r\n                        rtl: false,\r\n                        nav:true,\r\n                        autoplay: true,\r\n                        autoplayTimeout: 3000,\r\n                        loop: true,\r\n                        navText : [\"\",\"\"],\r\n                        responsive:{\r\n                            0:{\r\n                                items: 1                            },\r\n                            600:{\r\n                                items: 2                            },\r\n                            992:{\r\n                                items: 2                            },\r\n                            1200:{\r\n                                items: 3                            },\r\n                            1500:{\r\n                                items: 4                            }\r\n                        },\r\n                        margin: 0                    })\r\n                })\r\n            });\r\n        <\/script>\r\n    <\/div>\r\n\r\n    [\/vc_column][\/vc_row]\n","protected":false},"excerpt":{"rendered":"<p>[vc_row tz_row_type=&#8221;grid&#8221; full_width=&#8221;stretch_row_content_no_spaces&#8221;][vc_column][rev_slider_vc alias=&#8221;slider-home-4&#8243;][\/vc_column][\/vc_row][vc_row tz_row_type=&#8221;grid&#8221; css=&#8221;.vc_custom_1566303717137{padding-top: 15px !important;padding-bottom: 21px !important;background-color: #2a2a2a !important;}&#8221;][vc_column][\/vc_column][\/vc_row][vc_row full_width=&#8221;stretch_row_content_no_spaces&#8221; parallax=&#8221;content-moving&#8221; parallax_image=&#8221;1276&#8243; css=&#8221;.vc_custom_1566303669362{background-color: rgba(255,255,255,0.5) !important;*background-color: rgb(255,255,255) !important;}&#8221;][vc_column offset=&#8221;vc_col-md-12&#8243;][\/vc_column][\/vc_row][vc_row tz_row_type=&#8221;grid&#8221; style_width=&#8221;boxed&#8221;][vc_column width=&#8221;1\/4&#8243;][\/vc_column][vc_column width=&#8221;1\/4&#8243;][\/vc_column][vc_column width=&#8221;1\/4&#8243;][\/vc_column][vc_column width=&#8221;1\/4&#8243; el_id=&#8221;services-item&#8221;][\/vc_column][\/vc_row][vc_row tz_row_type=&#8221;grid&#8221; full_width=&#8221;stretch_row_content_no_spaces&#8221; style_width=&#8221;boxed&#8221; css=&#8221;.vc_custom_1566288906153{background-color: #fac32b !important;}&#8221;][vc_column width=&#8221;1\/4&#8243;][\/vc_column][vc_column width=&#8221;1\/4&#8243;][\/vc_column][vc_column width=&#8221;1\/4&#8243;][\/vc_column][vc_column width=&#8221;1\/4&#8243;][\/vc_column][\/vc_row][vc_row tz_row_type=&#8221;grid&#8221; full_width=&#8221;stretch_row_content_no_spaces&#8221; style_width=&#8221;boxed&#8221; css=&#8221;.vc_custom_1496807427993{margin-bottom: 49px !important;padding-left: 0px !important;}&#8221;][vc_column css=&#8221;.vc_custom_1498639130843{margin-top: 72px !important;padding-right: 15px !important;}&#8221; offset=&#8221;vc_col-lg-9 vc_col-md-9 vc_col-sm-offset-0 vc_col-xs-12&#8243; [&hellip;]<\/p>\n","protected":false},"author":1,"featured_media":0,"parent":0,"menu_order":0,"comment_status":"closed","ping_status":"closed","template":"template-homepage.php","meta":{"footnotes":""},"class_list":["post-2289","page","type-page","status-publish","hentry"],"_links":{"self":[{"href":"https:\/\/www.kundutour.com\/tr\/wp-json\/wp\/v2\/pages\/2289","targetHints":{"allow":["GET"]}}],"collection":[{"href":"https:\/\/www.kundutour.com\/tr\/wp-json\/wp\/v2\/pages"}],"about":[{"href":"https:\/\/www.kundutour.com\/tr\/wp-json\/wp\/v2\/types\/page"}],"author":[{"embeddable":true,"href":"https:\/\/www.kundutour.com\/tr\/wp-json\/wp\/v2\/users\/1"}],"replies":[{"embeddable":true,"href":"https:\/\/www.kundutour.com\/tr\/wp-json\/wp\/v2\/comments?post=2289"}],"version-history":[{"count":10,"href":"https:\/\/www.kundutour.com\/tr\/wp-json\/wp\/v2\/pages\/2289\/revisions"}],"predecessor-version":[{"id":4751,"href":"https:\/\/www.kundutour.com\/tr\/wp-json\/wp\/v2\/pages\/2289\/revisions\/4751"}],"wp:attachment":[{"href":"https:\/\/www.kundutour.com\/tr\/wp-json\/wp\/v2\/media?parent=2289"}],"curies":[{"name":"wp","href":"https:\/\/api.w.org\/{rel}","templated":true}]}}